{"id":6261,"date":"2023-01-15T08:16:01","date_gmt":"2023-01-15T08:16:01","guid":{"rendered":"https:\/\/hostalcalpericas.com\/?page_id=6261"},"modified":"2023-02-15T17:03:40","modified_gmt":"2023-02-15T17:03:40","slug":"faqs","status":"publish","type":"page","link":"https:\/\/hostalcalpericas.com\/es\/faqs\/","title":{"rendered":"FAQs"},"content":{"rendered":"<p><div class=\"fusion-fullwidth fullwidth-box fusion-builder-row-1 fusion-flex-container nonhundred-percent-fullwidth non-hundred-percent-height-scrolling\" style=\"--awb-border-radius-top-left:0px;--awb-border-radius-top-right:0px;--awb-border-radius-bottom-right:0px;--awb-border-radius-bottom-left:0px;--awb-margin-top:40px;--awb-flex-wrap:wrap;\" ><div class=\"fusion-builder-row fusion-row fusion-flex-align-items-flex-start fusion-flex-content-wrap\" style=\"max-width:1996.8px;margin-left: calc(-4% \/ 2 );margin-right: calc(-4% \/ 2 );\"><div class=\"fusion-layout-column fusion_builder_column fusion-builder-column-0 fusion_builder_column_1_1 1_1 fusion-flex-column\" style=\"--awb-bg-size:cover;--awb-width-large:100%;--awb-margin-top-large:0px;--awb-spacing-right-large:1.92%;--awb-margin-bottom-large:20px;--awb-spacing-left-large:1.92%;--awb-width-medium:100%;--awb-order-medium:0;--awb-spacing-right-medium:1.92%;--awb-spacing-left-medium:1.92%;--awb-width-small:100%;--awb-order-small:0;--awb-spacing-right-small:1.92%;--awb-spacing-left-small:1.92%;\"><div class=\"fusion-column-wrapper fusion-column-has-shadow fusion-flex-justify-content-flex-start fusion-content-layout-column\"><div class=\"fusion-title title fusion-title-1 fusion-sep-none fusion-title-center fusion-title-text fusion-title-size-one\"><h1 class=\"fusion-title-heading title-heading-center fusion-responsive-typography-calculated\" style=\"margin:0;text-transform:capitalize;--fontSize:60;line-height:var(--awb-typography1-line-height);\">Preguntas frecuentes<\/h1><\/div><div class=\"fusion-text fusion-text-1\" style=\"--awb-text-transform:none;\"><p style=\"text-align: center;\">En este apartado encontrar\u00e1s respuesta a las dudas m\u00e1s comunes de nuestros clientes. Si tienes alguna consulta que no aparece en este listado puedes contactar con nosotros y atenderemos tu petici\u00f3n lo antes posible.<\/p>\n<\/div><\/div><\/div><\/div><\/div><div class=\"fusion-fullwidth fullwidth-box fusion-builder-row-2 fusion-flex-container nonhundred-percent-fullwidth non-hundred-percent-height-scrolling\" style=\"--link_color: #f1b544;--awb-border-radius-top-left:0px;--awb-border-radius-top-right:0px;--awb-border-radius-bottom-right:0px;--awb-border-radius-bottom-left:0px;--awb-padding-right:100px;--awb-padding-left:100px;--awb-margin-top:25px;--awb-flex-wrap:wrap;\" ><div class=\"fusion-builder-row fusion-row fusion-flex-align-items-flex-start fusion-flex-justify-content-center fusion-flex-content-wrap\" style=\"max-width:1996.8px;margin-left: calc(-4% \/ 2 );margin-right: calc(-4% \/ 2 );\"><div class=\"fusion-layout-column fusion_builder_column fusion-builder-column-1 fusion_builder_column_4_5 4_5 fusion-flex-column\" style=\"--awb-bg-size:cover;--awb-width-large:80%;--awb-margin-top-large:0px;--awb-spacing-right-large:2.4%;--awb-margin-bottom-large:20px;--awb-spacing-left-large:2.4%;--awb-width-medium:100%;--awb-order-medium:0;--awb-spacing-right-medium:1.92%;--awb-spacing-left-medium:1.92%;--awb-width-small:100%;--awb-order-small:0;--awb-spacing-right-small:1.92%;--awb-spacing-left-small:1.92%;\"><div class=\"fusion-column-wrapper fusion-column-has-shadow fusion-flex-justify-content-flex-start fusion-content-layout-column\"><div class=\"accordian fusion-accordian\" style=\"--awb-border-size:1px;--awb-icon-size:18px;--awb-content-font-size:16px;--awb-icon-alignment:left;--awb-hover-color:var(--awb-color2);--awb-border-color:var(--awb-color3);--awb-background-color:var(--awb-color1);--awb-divider-color:var(--awb-color2);--awb-divider-hover-color:var(--awb-color2);--awb-icon-color:var(--awb-color1);--awb-title-color:hsla(var(--awb-color8-h),var(--awb-color8-s),calc( var(--awb-color8-l) + 20% ),var(--awb-color8-a));--awb-content-color:var(--awb-color7);--awb-icon-box-color:var(--awb-color6);--awb-toggle-hover-accent-color:#d89400;--awb-title-font-family:&quot;Libre Baskerville&quot;;--awb-title-font-weight:700;--awb-title-font-style:normal;--awb-title-font-size:18px;--awb-content-font-family:&quot;Open Sans&quot;;--awb-content-font-style:normal;--awb-content-font-weight:400;\"><div class=\"panel-group fusion-toggle-icon-boxed\" id=\"accordion-6261-1\"><div class=\"fusion-panel panel-default panel-5f377a542cb9db2b1 fusion-toggle-has-divider\" style=\"--awb-title-color:hsla(var(--awb-color8-h),var(--awb-color8-s),calc( var(--awb-color8-l) + 20% ),var(--awb-color8-a));\"><div class=\"panel-heading\"><h4 class=\"panel-title toggle\" id=\"toggle_5f377a542cb9db2b1\"><a class=\"active\" aria-expanded=\"true\" aria-controls=\"5f377a542cb9db2b1\" role=\"button\" data-toggle=\"collapse\" data-target=\"#5f377a542cb9db2b1\" href=\"#5f377a542cb9db2b1\"><span class=\"fusion-toggle-icon-wrapper\" aria-hidden=\"true\"><i class=\"fa-fusion-box active-icon fa-minus fas\" aria-hidden=\"true\"><\/i><i class=\"fa-fusion-box inactive-icon fa-plus fas\" aria-hidden=\"true\"><\/i><\/span><span class=\"fusion-toggle-heading\">\u00bfSe permiten ni\u00f1os?<\/span><\/a><\/h4><\/div><div id=\"5f377a542cb9db2b1\" class=\"panel-collapse collapse in\" aria-labelledby=\"toggle_5f377a542cb9db2b1\"><div class=\"panel-body toggle-content fusion-clearfix\">\n<p>Se permiten ni\u00f1os de cualquier edad. Estos, para alojarse, tendr\u00e1n que ir acompa\u00f1ados de los padres, tutores o personas debidamente autorizadas.<\/p>\n<\/div><\/div><\/div><div class=\"fusion-panel panel-default panel-c72f65f9404e142ff fusion-toggle-has-divider\" style=\"--awb-title-color:hsla(var(--awb-color8-h),var(--awb-color8-s),calc( var(--awb-color8-l) + 20% ),var(--awb-color8-a));\"><div class=\"panel-heading\"><h4 class=\"panel-title toggle\" id=\"toggle_c72f65f9404e142ff\"><a aria-expanded=\"false\" aria-controls=\"c72f65f9404e142ff\" role=\"button\" data-toggle=\"collapse\" data-target=\"#c72f65f9404e142ff\" href=\"#c72f65f9404e142ff\"><span class=\"fusion-toggle-icon-wrapper\" aria-hidden=\"true\"><i class=\"fa-fusion-box active-icon fa-minus fas\" aria-hidden=\"true\"><\/i><i class=\"fa-fusion-box inactive-icon fa-plus fas\" aria-hidden=\"true\"><\/i><\/span><span class=\"fusion-toggle-heading\">\u00bfCu\u00e1les son los m\u00e9todos de pago?<\/span><\/a><\/h4><\/div><div id=\"c72f65f9404e142ff\" class=\"panel-collapse collapse \" aria-labelledby=\"toggle_c72f65f9404e142ff\"><div class=\"panel-body toggle-content fusion-clearfix\">\n<p>En reservas desde nuestra web se acepta el pago con tarjeta de cr\u00e9dito (Visa, Euro\/Mastercard, Maestro i American Express) as\u00ed como el pago mediante PayPal.<\/p>\n<p>En reservas directas mediante tel\u00e9fono o mail, se podr\u00e1 pactar con el hostal el pago mediante transferencia bancaria o Bizum. Se debe tener en cuenta que en los pagos por transferencia, la reserva no ser\u00e1 efectiva hasta que no se entregue el comprobante de pago. Por este motivo, esta opci\u00f3n solo estar\u00e1 disponible en reservas a 7 d\u00edas vista.<\/p>\n<\/div><\/div><\/div><div class=\"fusion-panel panel-default panel-decab6953b9f3e76e fusion-toggle-has-divider\" style=\"--awb-title-color:hsla(var(--awb-color8-h),var(--awb-color8-s),calc( var(--awb-color8-l) + 20% ),var(--awb-color8-a));\"><div class=\"panel-heading\"><h4 class=\"panel-title toggle\" id=\"toggle_decab6953b9f3e76e\"><a aria-expanded=\"false\" aria-controls=\"decab6953b9f3e76e\" role=\"button\" data-toggle=\"collapse\" data-target=\"#decab6953b9f3e76e\" href=\"#decab6953b9f3e76e\"><span class=\"fusion-toggle-icon-wrapper\" aria-hidden=\"true\"><i class=\"fa-fusion-box active-icon fa-minus fas\" aria-hidden=\"true\"><\/i><i class=\"fa-fusion-box inactive-icon fa-plus fas\" aria-hidden=\"true\"><\/i><\/span><span class=\"fusion-toggle-heading\">Tasa tur\u00edstica<\/span><\/a><\/h4><\/div><div id=\"decab6953b9f3e76e\" class=\"panel-collapse collapse \" aria-labelledby=\"toggle_decab6953b9f3e76e\"><div class=\"panel-body toggle-content fusion-clearfix\">\n<p>La tarifa del impuesto sobre las estancias en establecimientos tur\u00edsticos, aprobada en la Ley 5\/2020, del 29 de abril, es 0,60 \u20ac + 10% IVA.<\/p>\n<p>El pago de este impuesto lo deben pagar todos los hu\u00e9spedes y se abonar\u00e1 en el momento del check-out.<\/p>\n<\/div><\/div><\/div><div class=\"fusion-panel panel-default panel-f34dc75c92171ec29 fusion-toggle-has-divider\" style=\"--awb-title-color:hsla(var(--awb-color8-h),var(--awb-color8-s),calc( var(--awb-color8-l) + 20% ),var(--awb-color8-a));\"><div class=\"panel-heading\"><h4 class=\"panel-title toggle\" id=\"toggle_f34dc75c92171ec29\"><a aria-expanded=\"false\" aria-controls=\"f34dc75c92171ec29\" role=\"button\" data-toggle=\"collapse\" data-target=\"#f34dc75c92171ec29\" href=\"#f34dc75c92171ec29\"><span class=\"fusion-toggle-icon-wrapper\" aria-hidden=\"true\"><i class=\"fa-fusion-box active-icon fa-minus fas\" aria-hidden=\"true\"><\/i><i class=\"fa-fusion-box inactive-icon fa-plus fas\" aria-hidden=\"true\"><\/i><\/span><span class=\"fusion-toggle-heading\">\u00bfPuedo ampliar o reducir la estancia?<\/span><\/a><\/h4><\/div><div id=\"f34dc75c92171ec29\" class=\"panel-collapse collapse \" aria-labelledby=\"toggle_f34dc75c92171ec29\"><div class=\"panel-body toggle-content fusion-clearfix\">\n<p>Ampliaci\u00f3n:<\/p>\n<ul>\n<li>Para ampliar tu estancia lo mejor es que contactes directamente con nosotros v\u00eda tel\u00e9fono (n\u00fam: 650635090) y comprobaremos la disponibilidad. Si la habitaci\u00f3n asignada sigue estando disponible, se podr\u00e1 formalizar la ampliaci\u00f3n sin ning\u00fan problema. Si la habitaci\u00f3n asignada no se encuentra disponible los d\u00edas que se desea ampliar, el hostal podr\u00e1 ofrecer un cambio de habitaci\u00f3n.<\/li>\n<\/ul>\n<p>Reducci\u00f3n:<\/p>\n<ul>\n<li>En caso de\u00a0<b>abandonar el hotel antes de la fecha prevista<\/b>, no se garantiza la devoluci\u00f3n de las noches no disfrutadas.<\/li>\n<\/ul>\n<\/div><\/div><\/div><div class=\"fusion-panel panel-default panel-f8e6fa9248ddfa201 fusion-toggle-has-divider\" style=\"--awb-title-color:hsla(var(--awb-color8-h),var(--awb-color8-s),calc( var(--awb-color8-l) + 20% ),var(--awb-color8-a));\"><div class=\"panel-heading\"><h4 class=\"panel-title toggle\" id=\"toggle_f8e6fa9248ddfa201\"><a aria-expanded=\"false\" aria-controls=\"f8e6fa9248ddfa201\" role=\"button\" data-toggle=\"collapse\" data-target=\"#f8e6fa9248ddfa201\" href=\"#f8e6fa9248ddfa201\"><span class=\"fusion-toggle-icon-wrapper\" aria-hidden=\"true\"><i class=\"fa-fusion-box active-icon fa-minus fas\" aria-hidden=\"true\"><\/i><i class=\"fa-fusion-box inactive-icon fa-plus fas\" aria-hidden=\"true\"><\/i><\/span><span class=\"fusion-toggle-heading\">\u00bfExiste WIFI?<\/span><\/a><\/h4><\/div><div id=\"f8e6fa9248ddfa201\" class=\"panel-collapse collapse \" aria-labelledby=\"toggle_f8e6fa9248ddfa201\"><div class=\"panel-body toggle-content fusion-clearfix\">\n<p>Existe conexi\u00f3n a internet mediante WIFI y contrase\u00f1a privada con se\u00f1al desde todas las habitaciones y espacios del hostal. El uso del WIFI es totalmente gratuito para nuestros clientes.<\/p>\n<\/div><\/div><\/div><div class=\"fusion-panel panel-default panel-2d6b875e3dbe259bd fusion-toggle-has-divider\" style=\"--awb-title-color:hsla(var(--awb-color8-h),var(--awb-color8-s),calc( var(--awb-color8-l) + 20% ),var(--awb-color8-a));\"><div class=\"panel-heading\"><h4 class=\"panel-title toggle\" id=\"toggle_2d6b875e3dbe259bd\"><a aria-expanded=\"false\" aria-controls=\"2d6b875e3dbe259bd\" role=\"button\" data-toggle=\"collapse\" data-target=\"#2d6b875e3dbe259bd\" href=\"#2d6b875e3dbe259bd\"><span class=\"fusion-toggle-icon-wrapper\" aria-hidden=\"true\"><i class=\"fa-fusion-box active-icon fa-minus fas\" aria-hidden=\"true\"><\/i><i class=\"fa-fusion-box inactive-icon fa-plus fas\" aria-hidden=\"true\"><\/i><\/span><span class=\"fusion-toggle-heading\">\u00bfExiste aparcamiento?<\/span><\/a><\/h4><\/div><div id=\"2d6b875e3dbe259bd\" class=\"panel-collapse collapse \" aria-labelledby=\"toggle_2d6b875e3dbe259bd\"><div class=\"panel-body toggle-content fusion-clearfix\">\n<p>El hostal se ubica en un peque\u00f1o pueblo de monta\u00f1a. El hostal no dispone de aparcamiento privado, sin embargo, existe aparcamiento al aire libre y totalmente gratuito a tan solo 1 minuto a pie desde el hostal.<\/p>\n<\/div><\/div><\/div><div class=\"fusion-panel panel-default panel-5900f5b0056284972 fusion-toggle-has-divider\" style=\"--awb-title-color:hsla(var(--awb-color8-h),var(--awb-color8-s),calc( var(--awb-color8-l) + 20% ),var(--awb-color8-a));\"><div class=\"panel-heading\"><h4 class=\"panel-title toggle\" id=\"toggle_5900f5b0056284972\"><a aria-expanded=\"false\" aria-controls=\"5900f5b0056284972\" role=\"button\" data-toggle=\"collapse\" data-target=\"#5900f5b0056284972\" href=\"#5900f5b0056284972\"><span class=\"fusion-toggle-icon-wrapper\" aria-hidden=\"true\"><i class=\"fa-fusion-box active-icon fa-minus fas\" aria-hidden=\"true\"><\/i><i class=\"fa-fusion-box inactive-icon fa-plus fas\" aria-hidden=\"true\"><\/i><\/span><span class=\"fusion-toggle-heading\">Check-in y Check out<\/span><\/a><\/h4><\/div><div id=\"5900f5b0056284972\" class=\"panel-collapse collapse \" aria-labelledby=\"toggle_5900f5b0056284972\"><div class=\"panel-body toggle-content fusion-clearfix\">\n<ul>\n<li>Entrada a partir de las 15:00 h o antes seg\u00fan disponibilidad.<\/li>\n<li>La salida habitual se realiza hasta las 11:00 h. Con previa reserva pod\u00e9is contratar el Late Check-Out y comprobaremos la disponibilidad.<\/li>\n<\/ul>\n<\/div><\/div><\/div><div class=\"fusion-panel panel-default panel-78492cf6808b4b833 fusion-toggle-has-divider\" style=\"--awb-title-color:hsla(var(--awb-color8-h),var(--awb-color8-s),calc( var(--awb-color8-l) + 20% ),var(--awb-color8-a));\"><div class=\"panel-heading\"><h4 class=\"panel-title toggle\" id=\"toggle_78492cf6808b4b833\"><a aria-expanded=\"false\" aria-controls=\"78492cf6808b4b833\" role=\"button\" data-toggle=\"collapse\" data-target=\"#78492cf6808b4b833\" href=\"#78492cf6808b4b833\"><span class=\"fusion-toggle-icon-wrapper\" aria-hidden=\"true\"><i class=\"fa-fusion-box active-icon fa-minus fas\" aria-hidden=\"true\"><\/i><i class=\"fa-fusion-box inactive-icon fa-plus fas\" aria-hidden=\"true\"><\/i><\/span><span class=\"fusion-toggle-heading\">\u00bfSe aceptan mascotas?<\/span><\/a><\/h4><\/div><div id=\"78492cf6808b4b833\" class=\"panel-collapse collapse \" aria-labelledby=\"toggle_78492cf6808b4b833\"><div class=\"panel-body toggle-content fusion-clearfix\">\n<p><strong>El hostal dispone de dos habitaciones d\u00f3nde se aceptan perros<\/strong> y est\u00e1 especificado debidamente en los detalles de cada habitaci\u00f3n. En estas dos habitaciones el precio no var\u00eda.<\/p>\n<p>Si se diera el caso que alg\u00fan cliente se presenta con perro teniendo una habitaci\u00f3n reservada en la cual no se aceptan perros, cabe la posibilidad que el hostal le d\u00e9 la opci\u00f3n de quedarse con un cargo de 40 \u20ac para hacer frente a las tareas de desinfecci\u00f3n.<\/p>\n<p>Pero recalcamos, \u00a1es una posibilidad! Si el hotel tiene ocupaci\u00f3n continuada de <strong>las habitaciones sin mascotas<\/strong>, el check-in con perro no ser\u00e1 posible de ninguna manera.<\/p>\n<\/div><\/div><\/div><div class=\"fusion-panel panel-default panel-e480f0c1df4ea10b5 fusion-toggle-has-divider\" style=\"--awb-title-color:hsla(var(--awb-color8-h),var(--awb-color8-s),calc( var(--awb-color8-l) + 20% ),var(--awb-color8-a));\"><div class=\"panel-heading\"><h4 class=\"panel-title toggle\" id=\"toggle_e480f0c1df4ea10b5\"><a aria-expanded=\"false\" aria-controls=\"e480f0c1df4ea10b5\" role=\"button\" data-toggle=\"collapse\" data-target=\"#e480f0c1df4ea10b5\" href=\"#e480f0c1df4ea10b5\"><span class=\"fusion-toggle-icon-wrapper\" aria-hidden=\"true\"><i class=\"fa-fusion-box active-icon fa-minus fas\" aria-hidden=\"true\"><\/i><i class=\"fa-fusion-box inactive-icon fa-plus fas\" aria-hidden=\"true\"><\/i><\/span><span class=\"fusion-toggle-heading\">Otras normas del hostal<\/span><\/a><\/h4><\/div><div id=\"e480f0c1df4ea10b5\" class=\"panel-collapse collapse \" aria-labelledby=\"toggle_e480f0c1df4ea10b5\"><div class=\"panel-body toggle-content fusion-clearfix\">\n<p>Estas normas son de obligado cumplimiento para todos nuestros clientes:<\/p>\n<ul>\n<li>NO se puede fumar en ninguna estancia y espacio del hostal.<\/li>\n<li>NO se pueden realizar ni fiestas ni eventos.<\/li>\n<li>NO se puede hacer ruido desde las 22:00 a las 8:00.<\/li>\n<li>Se debe respetar la tranquilidad de todos los hu\u00e9spedes. Se recomienda no hablar alto y por supuesto no chillar en ning\u00fan espacio del hostal.<\/li>\n<\/ul>\n<\/div><\/div><\/div><\/div><\/div><\/div><\/div><\/div><\/div><\/p>\n","protected":false},"excerpt":{"rendered":"","protected":false},"author":1,"featured_media":0,"parent":0,"menu_order":0,"comment_status":"closed","ping_status":"open","template":"100-width.php","meta":{"_monsterinsights_skip_tracking":false,"_monsterinsights_sitenote_active":false,"_monsterinsights_sitenote_note":"","_monsterinsights_sitenote_category":0,"_joinchat":[],"footnotes":""},"class_list":["post-6261","page","type-page","status-publish","hentry"],"yoast_head":"<!-- This site is optimized with the Yoast SEO plugin v23.9 - https:\/\/yoast.com\/wordpress\/plugins\/seo\/ -->\n<title>FAQs - Hostal Cal Pericas<\/title>\n<meta name=\"robots\" content=\"noindex, nofollow\" \/>\n<meta property=\"og:locale\" content=\"es_ES\" \/>\n<meta property=\"og:type\" content=\"article\" \/>\n<meta property=\"og:title\" content=\"FAQs - Hostal Cal Pericas\" \/>\n<meta property=\"og:url\" content=\"https:\/\/hostalcalpericas.com\/es\/faqs\/\" \/>\n<meta property=\"og:site_name\" content=\"Hostal Cal Pericas\" \/>\n<meta property=\"article:modified_time\" content=\"2023-02-15T17:03:40+00:00\" \/>\n<meta name=\"twitter:card\" content=\"summary_large_image\" \/>\n<meta name=\"twitter:label1\" content=\"Tiempo de lectura\" \/>\n\t<meta name=\"twitter:data1\" content=\"7 minutos\" \/>\n<script type=\"application\/ld+json\" class=\"yoast-schema-graph\">{\"@context\":\"https:\/\/schema.org\",\"@graph\":[{\"@type\":\"WebPage\",\"@id\":\"https:\/\/hostalcalpericas.com\/es\/faqs\/\",\"url\":\"https:\/\/hostalcalpericas.com\/es\/faqs\/\",\"name\":\"FAQs - Hostal Cal Pericas\",\"isPartOf\":{\"@id\":\"https:\/\/hostalcalpericas.com\/es\/#website\"},\"datePublished\":\"2023-01-15T08:16:01+00:00\",\"dateModified\":\"2023-02-15T17:03:40+00:00\",\"breadcrumb\":{\"@id\":\"https:\/\/hostalcalpericas.com\/es\/faqs\/#breadcrumb\"},\"inLanguage\":\"es\",\"potentialAction\":[{\"@type\":\"ReadAction\",\"target\":[\"https:\/\/hostalcalpericas.com\/es\/faqs\/\"]}]},{\"@type\":\"BreadcrumbList\",\"@id\":\"https:\/\/hostalcalpericas.com\/es\/faqs\/#breadcrumb\",\"itemListElement\":[{\"@type\":\"ListItem\",\"position\":1,\"name\":\"Portada\",\"item\":\"https:\/\/hostalcalpericas.com\/es\/\"},{\"@type\":\"ListItem\",\"position\":2,\"name\":\"FAQs\"}]},{\"@type\":\"WebSite\",\"@id\":\"https:\/\/hostalcalpericas.com\/es\/#website\",\"url\":\"https:\/\/hostalcalpericas.com\/es\/\",\"name\":\"Hostal Cal Pericas\",\"description\":\"L&#039;oasis del descans al Bergued\u00e0\",\"potentialAction\":[{\"@type\":\"SearchAction\",\"target\":{\"@type\":\"EntryPoint\",\"urlTemplate\":\"https:\/\/hostalcalpericas.com\/es\/?s={search_term_string}\"},\"query-input\":{\"@type\":\"PropertyValueSpecification\",\"valueRequired\":true,\"valueName\":\"search_term_string\"}}],\"inLanguage\":\"es\"}]}<\/script>\n<!-- \/ Yoast SEO plugin. -->","yoast_head_json":{"title":"FAQs - Hostal Cal Pericas","robots":{"index":"noindex","follow":"nofollow"},"og_locale":"es_ES","og_type":"article","og_title":"FAQs - Hostal Cal Pericas","og_url":"https:\/\/hostalcalpericas.com\/es\/faqs\/","og_site_name":"Hostal Cal Pericas","article_modified_time":"2023-02-15T17:03:40+00:00","twitter_card":"summary_large_image","twitter_misc":{"Tiempo de lectura":"7 minutos"},"schema":{"@context":"https:\/\/schema.org","@graph":[{"@type":"WebPage","@id":"https:\/\/hostalcalpericas.com\/es\/faqs\/","url":"https:\/\/hostalcalpericas.com\/es\/faqs\/","name":"FAQs - Hostal Cal Pericas","isPartOf":{"@id":"https:\/\/hostalcalpericas.com\/es\/#website"},"datePublished":"2023-01-15T08:16:01+00:00","dateModified":"2023-02-15T17:03:40+00:00","breadcrumb":{"@id":"https:\/\/hostalcalpericas.com\/es\/faqs\/#breadcrumb"},"inLanguage":"es","potentialAction":[{"@type":"ReadAction","target":["https:\/\/hostalcalpericas.com\/es\/faqs\/"]}]},{"@type":"BreadcrumbList","@id":"https:\/\/hostalcalpericas.com\/es\/faqs\/#breadcrumb","itemListElement":[{"@type":"ListItem","position":1,"name":"Portada","item":"https:\/\/hostalcalpericas.com\/es\/"},{"@type":"ListItem","position":2,"name":"FAQs"}]},{"@type":"WebSite","@id":"https:\/\/hostalcalpericas.com\/es\/#website","url":"https:\/\/hostalcalpericas.com\/es\/","name":"Hostal Cal Pericas","description":"L&#039;oasis del descans al Bergued\u00e0","potentialAction":[{"@type":"SearchAction","target":{"@type":"EntryPoint","urlTemplate":"https:\/\/hostalcalpericas.com\/es\/?s={search_term_string}"},"query-input":{"@type":"PropertyValueSpecification","valueRequired":true,"valueName":"search_term_string"}}],"inLanguage":"es"}]}},"_links":{"self":[{"href":"https:\/\/hostalcalpericas.com\/es\/wp-json\/wp\/v2\/pages\/6261","targetHints":{"allow":["GET"]}}],"collection":[{"href":"https:\/\/hostalcalpericas.com\/es\/wp-json\/wp\/v2\/pages"}],"about":[{"href":"https:\/\/hostalcalpericas.com\/es\/wp-json\/wp\/v2\/types\/page"}],"author":[{"embeddable":true,"href":"https:\/\/hostalcalpericas.com\/es\/wp-json\/wp\/v2\/users\/1"}],"replies":[{"embeddable":true,"href":"https:\/\/hostalcalpericas.com\/es\/wp-json\/wp\/v2\/comments?post=6261"}],"version-history":[{"count":14,"href":"https:\/\/hostalcalpericas.com\/es\/wp-json\/wp\/v2\/pages\/6261\/revisions"}],"predecessor-version":[{"id":6668,"href":"https:\/\/hostalcalpericas.com\/es\/wp-json\/wp\/v2\/pages\/6261\/revisions\/6668"}],"wp:attachment":[{"href":"https:\/\/hostalcalpericas.com\/es\/wp-json\/wp\/v2\/media?parent=6261"}],"curies":[{"name":"wp","href":"https:\/\/api.w.org\/{rel}","templated":true}]}}