{"id":6741,"date":"2023-01-15T08:16:01","date_gmt":"2023-01-15T08:16:01","guid":{"rendered":"https:\/\/hostalcalpericas.com\/?page_id=6741"},"modified":"2023-02-15T21:02:10","modified_gmt":"2023-02-15T21:02:10","slug":"faqs","status":"publish","type":"page","link":"https:\/\/hostalcalpericas.com\/fr\/faqs\/","title":{"rendered":"FAQS"},"content":{"rendered":"<p><div class=\"fusion-fullwidth fullwidth-box fusion-builder-row-1 fusion-flex-container nonhundred-percent-fullwidth non-hundred-percent-height-scrolling\" style=\"--awb-border-radius-top-left:0px;--awb-border-radius-top-right:0px;--awb-border-radius-bottom-right:0px;--awb-border-radius-bottom-left:0px;--awb-margin-top:40px;--awb-flex-wrap:wrap;\" ><div class=\"fusion-builder-row fusion-row fusion-flex-align-items-flex-start fusion-flex-content-wrap\" style=\"max-width:1996.8px;margin-left: calc(-4% \/ 2 );margin-right: calc(-4% \/ 2 );\"><div class=\"fusion-layout-column fusion_builder_column fusion-builder-column-0 fusion_builder_column_1_1 1_1 fusion-flex-column\" style=\"--awb-bg-size:cover;--awb-width-large:100%;--awb-margin-top-large:0px;--awb-spacing-right-large:1.92%;--awb-margin-bottom-large:20px;--awb-spacing-left-large:1.92%;--awb-width-medium:100%;--awb-order-medium:0;--awb-spacing-right-medium:1.92%;--awb-spacing-left-medium:1.92%;--awb-width-small:100%;--awb-order-small:0;--awb-spacing-right-small:1.92%;--awb-spacing-left-small:1.92%;\"><div class=\"fusion-column-wrapper fusion-column-has-shadow fusion-flex-justify-content-flex-start fusion-content-layout-column\"><div class=\"fusion-title title fusion-title-1 fusion-sep-none fusion-title-center fusion-title-text fusion-title-size-one\"><h1 class=\"fusion-title-heading title-heading-center fusion-responsive-typography-calculated\" style=\"margin:0;text-transform:capitalize;--fontSize:60;line-height:var(--awb-typography1-line-height);\">Foire Aux Questions<\/h1><\/div><div class=\"fusion-text fusion-text-1\" style=\"--awb-text-transform:none;\"><p style=\"text-align: center;\">Dans cette section, vous trouverez des r\u00e9ponses aux questions les plus fr\u00e9quentes de nos clients. Si vous avez une question qui ne figure pas dans cette liste, vous pouvez nous contacter et nous r\u00e9pondrons \u00e0 votre demande d\u00e8s que possible.<\/p>\n<\/div><\/div><\/div><\/div><\/div><div class=\"fusion-fullwidth fullwidth-box fusion-builder-row-2 fusion-flex-container nonhundred-percent-fullwidth non-hundred-percent-height-scrolling\" style=\"--link_color: #f1b544;--awb-border-radius-top-left:0px;--awb-border-radius-top-right:0px;--awb-border-radius-bottom-right:0px;--awb-border-radius-bottom-left:0px;--awb-padding-right:100px;--awb-padding-left:100px;--awb-margin-top:25px;--awb-flex-wrap:wrap;\" ><div class=\"fusion-builder-row fusion-row fusion-flex-align-items-flex-start fusion-flex-justify-content-center fusion-flex-content-wrap\" style=\"max-width:1996.8px;margin-left: calc(-4% \/ 2 );margin-right: calc(-4% \/ 2 );\"><div class=\"fusion-layout-column fusion_builder_column fusion-builder-column-1 fusion_builder_column_4_5 4_5 fusion-flex-column\" style=\"--awb-bg-size:cover;--awb-width-large:80%;--awb-margin-top-large:0px;--awb-spacing-right-large:2.4%;--awb-margin-bottom-large:20px;--awb-spacing-left-large:2.4%;--awb-width-medium:100%;--awb-order-medium:0;--awb-spacing-right-medium:1.92%;--awb-spacing-left-medium:1.92%;--awb-width-small:100%;--awb-order-small:0;--awb-spacing-right-small:1.92%;--awb-spacing-left-small:1.92%;\"><div class=\"fusion-column-wrapper fusion-column-has-shadow fusion-flex-justify-content-flex-start fusion-content-layout-column\"><div class=\"accordian fusion-accordian\" style=\"--awb-border-size:1px;--awb-icon-size:18px;--awb-content-font-size:16px;--awb-icon-alignment:left;--awb-hover-color:var(--awb-color2);--awb-border-color:var(--awb-color3);--awb-background-color:var(--awb-color1);--awb-divider-color:var(--awb-color2);--awb-divider-hover-color:var(--awb-color2);--awb-icon-color:var(--awb-color1);--awb-title-color:hsla(var(--awb-color8-h),var(--awb-color8-s),calc( var(--awb-color8-l) + 20% ),var(--awb-color8-a));--awb-content-color:var(--awb-color7);--awb-icon-box-color:var(--awb-color6);--awb-toggle-hover-accent-color:#d89400;--awb-title-font-family:&quot;Libre Baskerville&quot;;--awb-title-font-weight:700;--awb-title-font-style:normal;--awb-title-font-size:18px;--awb-content-font-family:&quot;Open Sans&quot;;--awb-content-font-style:normal;--awb-content-font-weight:400;\"><div class=\"panel-group fusion-toggle-icon-boxed\" id=\"accordion-6741-1\"><div class=\"fusion-panel panel-default panel-ef1773ace63d24d5d fusion-toggle-has-divider\" style=\"--awb-title-color:hsla(var(--awb-color8-h),var(--awb-color8-s),calc( var(--awb-color8-l) + 20% ),var(--awb-color8-a));\"><div class=\"panel-heading\"><h4 class=\"panel-title toggle\" id=\"toggle_ef1773ace63d24d5d\"><a class=\"active\" aria-expanded=\"true\" aria-controls=\"ef1773ace63d24d5d\" role=\"button\" data-toggle=\"collapse\" data-target=\"#ef1773ace63d24d5d\" href=\"#ef1773ace63d24d5d\"><span class=\"fusion-toggle-icon-wrapper\" aria-hidden=\"true\"><i class=\"fa-fusion-box active-icon fa-minus fas\" aria-hidden=\"true\"><\/i><i class=\"fa-fusion-box inactive-icon fa-plus fas\" aria-hidden=\"true\"><\/i><\/span><span class=\"fusion-toggle-heading\">Les enfants sont-ils autoris\u00e9s? <\/span><\/a><\/h4><\/div><div id=\"ef1773ace63d24d5d\" class=\"panel-collapse collapse in\" aria-labelledby=\"toggle_ef1773ace63d24d5d\"><div class=\"panel-body toggle-content fusion-clearfix\">\n<p>Les enfants de tout \u00e2ge sont autoris\u00e9s. Pour s\u00e9journer, ils doivent \u00eatre accompagn\u00e9s de leurs parents, tuteurs ou personnes l\u00e9galement autoris\u00e9es.<\/p>\n<\/div><\/div><\/div><div class=\"fusion-panel panel-default panel-173bfce6bede56a05 fusion-toggle-has-divider\" style=\"--awb-title-color:hsla(var(--awb-color8-h),var(--awb-color8-s),calc( var(--awb-color8-l) + 20% ),var(--awb-color8-a));\"><div class=\"panel-heading\"><h4 class=\"panel-title toggle\" id=\"toggle_173bfce6bede56a05\"><a aria-expanded=\"false\" aria-controls=\"173bfce6bede56a05\" role=\"button\" data-toggle=\"collapse\" data-target=\"#173bfce6bede56a05\" href=\"#173bfce6bede56a05\"><span class=\"fusion-toggle-icon-wrapper\" aria-hidden=\"true\"><i class=\"fa-fusion-box active-icon fa-minus fas\" aria-hidden=\"true\"><\/i><i class=\"fa-fusion-box inactive-icon fa-plus fas\" aria-hidden=\"true\"><\/i><\/span><span class=\"fusion-toggle-heading\">Quels sont les modes de paiement? <\/span><\/a><\/h4><\/div><div id=\"173bfce6bede56a05\" class=\"panel-collapse collapse \" aria-labelledby=\"toggle_173bfce6bede56a05\"><div class=\"panel-body toggle-content fusion-clearfix\">\n<p>Pour les r\u00e9servations effectu\u00e9es depuis notre site web, le paiement par carte de cr\u00e9dit (Visa, Euro\/Mastercard, Maestro et American Express) ainsi que le paiement via PayPal sont accept\u00e9s. Pour les r\u00e9servations effectu\u00e9es directement par t\u00e9l\u00e9phone ou par courriel, le paiement par virement bancaire ou Bizum peut \u00eatre convenu avec l&rsquo;auberge.<\/p>\n<p>Veuillez noter que dans les paiements par virement, la r\u00e9servation ne sera pas effective tant que la preuve de paiement n&rsquo;aura pas \u00e9t\u00e9 remise. Cette option ne sera donc disponible que pour les r\u00e9servations \u00e0 7 jours d&rsquo;avis.<\/p>\n<\/div><\/div><\/div><div class=\"fusion-panel panel-default panel-05daa9499c11451a1 fusion-toggle-has-divider\" style=\"--awb-title-color:hsla(var(--awb-color8-h),var(--awb-color8-s),calc( var(--awb-color8-l) + 20% ),var(--awb-color8-a));\"><div class=\"panel-heading\"><h4 class=\"panel-title toggle\" id=\"toggle_05daa9499c11451a1\"><a aria-expanded=\"false\" aria-controls=\"05daa9499c11451a1\" role=\"button\" data-toggle=\"collapse\" data-target=\"#05daa9499c11451a1\" href=\"#05daa9499c11451a1\"><span class=\"fusion-toggle-icon-wrapper\" aria-hidden=\"true\"><i class=\"fa-fusion-box active-icon fa-minus fas\" aria-hidden=\"true\"><\/i><i class=\"fa-fusion-box inactive-icon fa-plus fas\" aria-hidden=\"true\"><\/i><\/span><span class=\"fusion-toggle-heading\">Taxe de s\u00e9jour<\/span><\/a><\/h4><\/div><div id=\"05daa9499c11451a1\" class=\"panel-collapse collapse \" aria-labelledby=\"toggle_05daa9499c11451a1\"><div class=\"panel-body toggle-content fusion-clearfix\">\n<p>Le tarif de l&rsquo;imp\u00f4t sur les s\u00e9jours dans les \u00e9tablissements touristiques, approuv\u00e9 par la loi 5\/2020 du 29 avril, est de 0,60 \u20ac + 10 % de TVA.<\/p>\n<p>Tous les clients doivent payer cette taxe et elle sera pay\u00e9e au moment du check-out.<\/p>\n<\/div><\/div><\/div><div class=\"fusion-panel panel-default panel-bac8402347abeb10b fusion-toggle-has-divider\" style=\"--awb-title-color:hsla(var(--awb-color8-h),var(--awb-color8-s),calc( var(--awb-color8-l) + 20% ),var(--awb-color8-a));\"><div class=\"panel-heading\"><h4 class=\"panel-title toggle\" id=\"toggle_bac8402347abeb10b\"><a aria-expanded=\"false\" aria-controls=\"bac8402347abeb10b\" role=\"button\" data-toggle=\"collapse\" data-target=\"#bac8402347abeb10b\" href=\"#bac8402347abeb10b\"><span class=\"fusion-toggle-icon-wrapper\" aria-hidden=\"true\"><i class=\"fa-fusion-box active-icon fa-minus fas\" aria-hidden=\"true\"><\/i><i class=\"fa-fusion-box inactive-icon fa-plus fas\" aria-hidden=\"true\"><\/i><\/span><span class=\"fusion-toggle-heading\">Puis-je prolonger ou raccourcir mon s\u00e9jour? <\/span><\/a><\/h4><\/div><div id=\"bac8402347abeb10b\" class=\"panel-collapse collapse \" aria-labelledby=\"toggle_bac8402347abeb10b\"><div class=\"panel-body toggle-content fusion-clearfix\">\n<p>Prolongation :<\/p>\n<ul>\n<li>Pour prolonger votre s\u00e9jour, il est pr\u00e9f\u00e9rable de nous contacter directement par t\u00e9l\u00e9phone (num\u00e9ro : 650 635 090) et nous v\u00e9rifierons la disponibilit\u00e9. Si la chambre assign\u00e9e est disponible, l&rsquo;extension pourra \u00eatre formalis\u00e9e sans aucun probl\u00e8me. Si la chambre assign\u00e9e n&rsquo;est pas disponible aux dates que vous souhaitez prolonger, l&rsquo;auberge pourra proposer un changement de chambre.<\/li>\n<\/ul>\n<p>Raccourcissement :<\/p>\n<ul>\n<li>En cas de d\u00e9part anticip\u00e9 de l&rsquo;h\u00f4tel, le remboursement des nuits non utilis\u00e9es n&rsquo;est pas garanti.<\/li>\n<\/ul>\n<\/div><\/div><\/div><div class=\"fusion-panel panel-default panel-80041b4fb38b90063 fusion-toggle-has-divider\" style=\"--awb-title-color:hsla(var(--awb-color8-h),var(--awb-color8-s),calc( var(--awb-color8-l) + 20% ),var(--awb-color8-a));\"><div class=\"panel-heading\"><h4 class=\"panel-title toggle\" id=\"toggle_80041b4fb38b90063\"><a aria-expanded=\"false\" aria-controls=\"80041b4fb38b90063\" role=\"button\" data-toggle=\"collapse\" data-target=\"#80041b4fb38b90063\" href=\"#80041b4fb38b90063\"><span class=\"fusion-toggle-icon-wrapper\" aria-hidden=\"true\"><i class=\"fa-fusion-box active-icon fa-minus fas\" aria-hidden=\"true\"><\/i><i class=\"fa-fusion-box inactive-icon fa-plus fas\" aria-hidden=\"true\"><\/i><\/span><span class=\"fusion-toggle-heading\">Y a-t-il une connexion Wi-Fi? <\/span><\/a><\/h4><\/div><div id=\"80041b4fb38b90063\" class=\"panel-collapse collapse \" aria-labelledby=\"toggle_80041b4fb38b90063\"><div class=\"panel-body toggle-content fusion-clearfix\">\n<p>Il y a une connexion Internet via Wi-Fi avec un mot de passe priv\u00e9 dans toutes les chambres et espaces de l&rsquo;auberge. L&rsquo;utilisation du Wi-Fi est totalement gratuite pour nos clients.<\/p>\n<\/div><\/div><\/div><div class=\"fusion-panel panel-default panel-8bdf7723234655689 fusion-toggle-has-divider\" style=\"--awb-title-color:hsla(var(--awb-color8-h),var(--awb-color8-s),calc( var(--awb-color8-l) + 20% ),var(--awb-color8-a));\"><div class=\"panel-heading\"><h4 class=\"panel-title toggle\" id=\"toggle_8bdf7723234655689\"><a aria-expanded=\"false\" aria-controls=\"8bdf7723234655689\" role=\"button\" data-toggle=\"collapse\" data-target=\"#8bdf7723234655689\" href=\"#8bdf7723234655689\"><span class=\"fusion-toggle-icon-wrapper\" aria-hidden=\"true\"><i class=\"fa-fusion-box active-icon fa-minus fas\" aria-hidden=\"true\"><\/i><i class=\"fa-fusion-box inactive-icon fa-plus fas\" aria-hidden=\"true\"><\/i><\/span><span class=\"fusion-toggle-heading\">Y a-t-il un parking? <\/span><\/a><\/h4><\/div><div id=\"8bdf7723234655689\" class=\"panel-collapse collapse \" aria-labelledby=\"toggle_8bdf7723234655689\"><div class=\"panel-body toggle-content fusion-clearfix\">\n<p>L&rsquo;auberge est situ\u00e9e dans un petit village de montagne. L&rsquo;auberge n&rsquo;a pas de parking priv\u00e9, mais il y a un parking ext\u00e9rieur enti\u00e8rement gratuit \u00e0 1 minute \u00e0 pied de l&rsquo;auberge.<\/p>\n<\/div><\/div><\/div><div class=\"fusion-panel panel-default panel-e217e0d9ceb3931de fusion-toggle-has-divider\" style=\"--awb-title-color:hsla(var(--awb-color8-h),var(--awb-color8-s),calc( var(--awb-color8-l) + 20% ),var(--awb-color8-a));\"><div class=\"panel-heading\"><h4 class=\"panel-title toggle\" id=\"toggle_e217e0d9ceb3931de\"><a aria-expanded=\"false\" aria-controls=\"e217e0d9ceb3931de\" role=\"button\" data-toggle=\"collapse\" data-target=\"#e217e0d9ceb3931de\" href=\"#e217e0d9ceb3931de\"><span class=\"fusion-toggle-icon-wrapper\" aria-hidden=\"true\"><i class=\"fa-fusion-box active-icon fa-minus fas\" aria-hidden=\"true\"><\/i><i class=\"fa-fusion-box inactive-icon fa-plus fas\" aria-hidden=\"true\"><\/i><\/span><span class=\"fusion-toggle-heading\">Check-in et Check-out <\/span><\/a><\/h4><\/div><div id=\"e217e0d9ceb3931de\" class=\"panel-collapse collapse \" aria-labelledby=\"toggle_e217e0d9ceb3931de\"><div class=\"panel-body toggle-content fusion-clearfix\">\n<ul>\n<li>L&rsquo;entr\u00e9e se fait \u00e0 partir de 15h00 ou avant selon la disponibilit\u00e9.<\/li>\n<li>Le d\u00e9part habituel se fait jusqu&rsquo;\u00e0 11h00. Avec une r\u00e9servation pr\u00e9alable, vous pouvez r\u00e9server un Late Check-Out et nous v\u00e9rifierons la disponibilit\u00e9.<\/li>\n<\/ul>\n<\/div><\/div><\/div><div class=\"fusion-panel panel-default panel-6e61c12d22101dfe5 fusion-toggle-has-divider\" style=\"--awb-title-color:hsla(var(--awb-color8-h),var(--awb-color8-s),calc( var(--awb-color8-l) + 20% ),var(--awb-color8-a));\"><div class=\"panel-heading\"><h4 class=\"panel-title toggle\" id=\"toggle_6e61c12d22101dfe5\"><a aria-expanded=\"false\" aria-controls=\"6e61c12d22101dfe5\" role=\"button\" data-toggle=\"collapse\" data-target=\"#6e61c12d22101dfe5\" href=\"#6e61c12d22101dfe5\"><span class=\"fusion-toggle-icon-wrapper\" aria-hidden=\"true\"><i class=\"fa-fusion-box active-icon fa-minus fas\" aria-hidden=\"true\"><\/i><i class=\"fa-fusion-box inactive-icon fa-plus fas\" aria-hidden=\"true\"><\/i><\/span><span class=\"fusion-toggle-heading\">Est-ce que les animaux de compagnie sont accept\u00e9s? <\/span><\/a><\/h4><\/div><div id=\"6e61c12d22101dfe5\" class=\"panel-collapse collapse \" aria-labelledby=\"toggle_6e61c12d22101dfe5\"><div class=\"panel-body toggle-content fusion-clearfix\">\n<p><strong>L&rsquo;auberge dispose de deux chambres o\u00f9 les chiens sont accept\u00e9s<\/strong> et cela est clairement sp\u00e9cifi\u00e9 dans les d\u00e9tails de chaque chambre. Dans ces deux chambres, le prix ne varie pas.<\/p>\n<p>Dans le cas o\u00f9 un client se pr\u00e9senterait avec un chien alors qu&rsquo;il a r\u00e9serv\u00e9 une chambre o\u00f9 les chiens ne sont pas accept\u00e9s, l&rsquo;auberge pourrait lui offrir l&rsquo;option de rester moyennant des frais de 40 \u20ac pour couvrir les co\u00fbts de d\u00e9sinfection. Cependant, il convient de souligner qu&rsquo;il s&rsquo;agit d&rsquo;une possibilit\u00e9 ! Si l&rsquo;auberge a une occupation continue des chambres sans animaux, l&rsquo;enregistrement avec un chien ne sera pas possible de quelque mani\u00e8re que ce soit.<\/p>\n<\/div><\/div><\/div><div class=\"fusion-panel panel-default panel-1670cc570fdde9108 fusion-toggle-has-divider\" style=\"--awb-title-color:hsla(var(--awb-color8-h),var(--awb-color8-s),calc( var(--awb-color8-l) + 20% ),var(--awb-color8-a));\"><div class=\"panel-heading\"><h4 class=\"panel-title toggle\" id=\"toggle_1670cc570fdde9108\"><a aria-expanded=\"false\" aria-controls=\"1670cc570fdde9108\" role=\"button\" data-toggle=\"collapse\" data-target=\"#1670cc570fdde9108\" href=\"#1670cc570fdde9108\"><span class=\"fusion-toggle-icon-wrapper\" aria-hidden=\"true\"><i class=\"fa-fusion-box active-icon fa-minus fas\" aria-hidden=\"true\"><\/i><i class=\"fa-fusion-box inactive-icon fa-plus fas\" aria-hidden=\"true\"><\/i><\/span><span class=\"fusion-toggle-heading\">Autres r\u00e8gles <\/span><\/a><\/h4><\/div><div id=\"1670cc570fdde9108\" class=\"panel-collapse collapse \" aria-labelledby=\"toggle_1670cc570fdde9108\"><div class=\"panel-body toggle-content fusion-clearfix\">\n<p>Ces r\u00e8gles doivent \u00eatre respect\u00e9es par tous nos clients :<\/p>\n<ul>\n<li>Il est interdit de fumer dans toute l&rsquo;auberge.<\/li>\n<li>Les f\u00eates et \u00e9v\u00e9nements ne sont pas autoris\u00e9s.<\/li>\n<li>Il est interdit de faire du bruit de 22h \u00e0 8h.<\/li>\n<li>Il convient de respecter la tranquillit\u00e9 de tous les invit\u00e9s. Il est recommand\u00e9 de ne pas parler fort et bien s\u00fbr de ne pas crier dans toute l&rsquo;auberge.<\/li>\n<\/ul>\n<\/div><\/div><\/div><\/div><\/div><\/div><\/div><\/div><\/div><\/p>\n","protected":false},"excerpt":{"rendered":"","protected":false},"author":1,"featured_media":0,"parent":0,"menu_order":0,"comment_status":"closed","ping_status":"open","template":"100-width.php","meta":{"_monsterinsights_skip_tracking":false,"_monsterinsights_sitenote_active":false,"_monsterinsights_sitenote_note":"","_monsterinsights_sitenote_category":0,"_joinchat":[],"footnotes":""},"class_list":["post-6741","page","type-page","status-publish","hentry"],"yoast_head":"<!-- This site is optimized with the Yoast SEO plugin v23.9 - https:\/\/yoast.com\/wordpress\/plugins\/seo\/ -->\n<title>FAQS - Hostal Cal Pericas<\/title>\n<meta name=\"robots\" content=\"index, follow, max-snippet:-1, max-image-preview:large, max-video-preview:-1\" \/>\n<link rel=\"canonical\" href=\"https:\/\/hostalcalpericas.com\/fr\/faqs\/\" \/>\n<meta property=\"og:locale\" content=\"fr_FR\" \/>\n<meta property=\"og:type\" content=\"article\" \/>\n<meta property=\"og:title\" content=\"FAQS - Hostal Cal Pericas\" \/>\n<meta property=\"og:url\" content=\"https:\/\/hostalcalpericas.com\/fr\/faqs\/\" \/>\n<meta property=\"og:site_name\" content=\"Hostal Cal Pericas\" \/>\n<meta property=\"article:modified_time\" content=\"2023-02-15T21:02:10+00:00\" \/>\n<meta name=\"twitter:card\" content=\"summary_large_image\" \/>\n<meta name=\"twitter:label1\" content=\"Dur\u00e9e de lecture estim\u00e9e\" \/>\n\t<meta name=\"twitter:data1\" content=\"8 minutes\" \/>\n<script type=\"application\/ld+json\" class=\"yoast-schema-graph\">{\"@context\":\"https:\/\/schema.org\",\"@graph\":[{\"@type\":\"WebPage\",\"@id\":\"https:\/\/hostalcalpericas.com\/fr\/faqs\/\",\"url\":\"https:\/\/hostalcalpericas.com\/fr\/faqs\/\",\"name\":\"FAQS - Hostal Cal Pericas\",\"isPartOf\":{\"@id\":\"https:\/\/hostalcalpericas.com\/fr\/#website\"},\"datePublished\":\"2023-01-15T08:16:01+00:00\",\"dateModified\":\"2023-02-15T21:02:10+00:00\",\"breadcrumb\":{\"@id\":\"https:\/\/hostalcalpericas.com\/fr\/faqs\/#breadcrumb\"},\"inLanguage\":\"fr-FR\",\"potentialAction\":[{\"@type\":\"ReadAction\",\"target\":[\"https:\/\/hostalcalpericas.com\/fr\/faqs\/\"]}]},{\"@type\":\"BreadcrumbList\",\"@id\":\"https:\/\/hostalcalpericas.com\/fr\/faqs\/#breadcrumb\",\"itemListElement\":[{\"@type\":\"ListItem\",\"position\":1,\"name\":\"Portada\",\"item\":\"https:\/\/hostalcalpericas.com\/fr\/\"},{\"@type\":\"ListItem\",\"position\":2,\"name\":\"FAQS\"}]},{\"@type\":\"WebSite\",\"@id\":\"https:\/\/hostalcalpericas.com\/fr\/#website\",\"url\":\"https:\/\/hostalcalpericas.com\/fr\/\",\"name\":\"Hostal Cal Pericas\",\"description\":\"L&#039;oasis del descans al Bergued\u00e0\",\"potentialAction\":[{\"@type\":\"SearchAction\",\"target\":{\"@type\":\"EntryPoint\",\"urlTemplate\":\"https:\/\/hostalcalpericas.com\/fr\/?s={search_term_string}\"},\"query-input\":{\"@type\":\"PropertyValueSpecification\",\"valueRequired\":true,\"valueName\":\"search_term_string\"}}],\"inLanguage\":\"fr-FR\"}]}<\/script>\n<!-- \/ Yoast SEO plugin. -->","yoast_head_json":{"title":"FAQS - Hostal Cal Pericas","robots":{"index":"index","follow":"follow","max-snippet":"max-snippet:-1","max-image-preview":"max-image-preview:large","max-video-preview":"max-video-preview:-1"},"canonical":"https:\/\/hostalcalpericas.com\/fr\/faqs\/","og_locale":"fr_FR","og_type":"article","og_title":"FAQS - Hostal Cal Pericas","og_url":"https:\/\/hostalcalpericas.com\/fr\/faqs\/","og_site_name":"Hostal Cal Pericas","article_modified_time":"2023-02-15T21:02:10+00:00","twitter_card":"summary_large_image","twitter_misc":{"Dur\u00e9e de lecture estim\u00e9e":"8 minutes"},"schema":{"@context":"https:\/\/schema.org","@graph":[{"@type":"WebPage","@id":"https:\/\/hostalcalpericas.com\/fr\/faqs\/","url":"https:\/\/hostalcalpericas.com\/fr\/faqs\/","name":"FAQS - Hostal Cal Pericas","isPartOf":{"@id":"https:\/\/hostalcalpericas.com\/fr\/#website"},"datePublished":"2023-01-15T08:16:01+00:00","dateModified":"2023-02-15T21:02:10+00:00","breadcrumb":{"@id":"https:\/\/hostalcalpericas.com\/fr\/faqs\/#breadcrumb"},"inLanguage":"fr-FR","potentialAction":[{"@type":"ReadAction","target":["https:\/\/hostalcalpericas.com\/fr\/faqs\/"]}]},{"@type":"BreadcrumbList","@id":"https:\/\/hostalcalpericas.com\/fr\/faqs\/#breadcrumb","itemListElement":[{"@type":"ListItem","position":1,"name":"Portada","item":"https:\/\/hostalcalpericas.com\/fr\/"},{"@type":"ListItem","position":2,"name":"FAQS"}]},{"@type":"WebSite","@id":"https:\/\/hostalcalpericas.com\/fr\/#website","url":"https:\/\/hostalcalpericas.com\/fr\/","name":"Hostal Cal Pericas","description":"L&#039;oasis del descans al Bergued\u00e0","potentialAction":[{"@type":"SearchAction","target":{"@type":"EntryPoint","urlTemplate":"https:\/\/hostalcalpericas.com\/fr\/?s={search_term_string}"},"query-input":{"@type":"PropertyValueSpecification","valueRequired":true,"valueName":"search_term_string"}}],"inLanguage":"fr-FR"}]}},"_links":{"self":[{"href":"https:\/\/hostalcalpericas.com\/fr\/wp-json\/wp\/v2\/pages\/6741","targetHints":{"allow":["GET"]}}],"collection":[{"href":"https:\/\/hostalcalpericas.com\/fr\/wp-json\/wp\/v2\/pages"}],"about":[{"href":"https:\/\/hostalcalpericas.com\/fr\/wp-json\/wp\/v2\/types\/page"}],"author":[{"embeddable":true,"href":"https:\/\/hostalcalpericas.com\/fr\/wp-json\/wp\/v2\/users\/1"}],"replies":[{"embeddable":true,"href":"https:\/\/hostalcalpericas.com\/fr\/wp-json\/wp\/v2\/comments?post=6741"}],"version-history":[{"count":2,"href":"https:\/\/hostalcalpericas.com\/fr\/wp-json\/wp\/v2\/pages\/6741\/revisions"}],"predecessor-version":[{"id":6743,"href":"https:\/\/hostalcalpericas.com\/fr\/wp-json\/wp\/v2\/pages\/6741\/revisions\/6743"}],"wp:attachment":[{"href":"https:\/\/hostalcalpericas.com\/fr\/wp-json\/wp\/v2\/media?parent=6741"}],"curies":[{"name":"wp","href":"https:\/\/api.w.org\/{rel}","templated":true}]}}